{"id":1448,"date":"2022-08-25T13:27:00","date_gmt":"2022-08-25T13:27:00","guid":{"rendered":"https:\/\/habbe.nu\/index.php\/home\/"},"modified":"2025-11-03T09:43:20","modified_gmt":"2025-11-03T09:43:20","slug":"home","status":"publish","type":"page","link":"https:\/\/habbe.nu\/","title":{"rendered":"Home"},"content":{"rendered":"\t\t<div data-elementor-type=\"wp-page\" data-elementor-id=\"1448\" class=\"elementor elementor-1448\">\n\t\t\t\t\t\t\t\t\t<section class=\"elementor-section elementor-top-section elementor-element elementor-element-0a002a8 elementor-section-height-min-height elementor-section-items-top elementor-section-boxed elementor-section-height-default\" data-id=\"0a002a8\" data-element_type=\"section\" data-settings=\"{&quot;background_background&quot;:&quot;classic&quot;}\">\n\t\t\t\t\t\t\t<div class=\"elementor-background-overlay\"><\/div>\n\t\t\t\t\t\t\t<div class=\"elementor-container elementor-column-gap-default\">\n\t\t\t\t\t<div class=\"elementor-column elementor-col-100 elementor-top-column elementor-element elementor-element-8d46742\" data-id=\"8d46742\" data-element_type=\"column\">\n\t\t\t<div class=\"elementor-widget-wrap elementor-element-populated\">\n\t\t\t\t\t\t\t\t<div class=\"elementor-element elementor-element-7876f5c elementor-widget elementor-widget-spacer\" data-id=\"7876f5c\" data-element_type=\"widget\" data-widget_type=\"spacer.default\">\n\t\t\t\t<div class=\"elementor-widget-container\">\n\t\t\t<style>\/*! elementor - v3.13.3 - 28-05-2023 *\/\n.elementor-column .elementor-spacer-inner{height:var(--spacer-size)}.e-con{--container-widget-width:100%}.e-con-inner>.elementor-widget-spacer,.e-con>.elementor-widget-spacer{width:var(--container-widget-width,var(--spacer-size));--align-self:var(--container-widget-align-self,initial);--flex-shrink:0}.e-con-inner>.elementor-widget-spacer>.elementor-widget-container,.e-con-inner>.elementor-widget-spacer>.elementor-widget-container>.elementor-spacer,.e-con>.elementor-widget-spacer>.elementor-widget-container,.e-con>.elementor-widget-spacer>.elementor-widget-container>.elementor-spacer{height:100%}.e-con-inner>.elementor-widget-spacer>.elementor-widget-container>.elementor-spacer>.elementor-spacer-inner,.e-con>.elementor-widget-spacer>.elementor-widget-container>.elementor-spacer>.elementor-spacer-inner{height:var(--container-widget-height,var(--spacer-size))}<\/style>\t\t<div class=\"elementor-spacer\">\n\t\t\t<div class=\"elementor-spacer-inner\"><\/div>\n\t\t<\/div>\n\t\t\t\t<\/div>\n\t\t\t\t<\/div>\n\t\t\t\t<div class=\"elementor-element elementor-element-fbdc8cf elementor-widget elementor-widget-heading\" data-id=\"fbdc8cf\" data-element_type=\"widget\" data-widget_type=\"heading.default\">\n\t\t\t\t<div class=\"elementor-widget-container\">\n\t\t\t<style>\/*! elementor - v3.13.3 - 28-05-2023 *\/\n.elementor-heading-title{padding:0;margin:0;line-height:1}.elementor-widget-heading .elementor-heading-title[class*=elementor-size-]>a{color:inherit;font-size:inherit;line-height:inherit}.elementor-widget-heading .elementor-heading-title.elementor-size-small{font-size:15px}.elementor-widget-heading .elementor-heading-title.elementor-size-medium{font-size:19px}.elementor-widget-heading .elementor-heading-title.elementor-size-large{font-size:29px}.elementor-widget-heading .elementor-heading-title.elementor-size-xl{font-size:39px}.elementor-widget-heading .elementor-heading-title.elementor-size-xxl{font-size:59px}<\/style><h1 class=\"elementor-heading-title elementor-size-default\">Yvonne Habbe<\/h1>\t\t<\/div>\n\t\t\t\t<\/div>\n\t\t\t\t<div class=\"elementor-element elementor-element-47069c6 elementor-widget elementor-widget-heading\" data-id=\"47069c6\" data-element_type=\"widget\" data-widget_type=\"heading.default\">\n\t\t\t\t<div class=\"elementor-widget-container\">\n\t\t\t<h2 class=\"elementor-heading-title elementor-size-default\">filtmakare och textilkonstn\u00e4r<\/h2>\t\t<\/div>\n\t\t\t\t<\/div>\n\t\t\t\t<div class=\"elementor-element elementor-element-dd8e2ac elementor-align-center elementor-widget elementor-widget-button\" data-id=\"dd8e2ac\" data-element_type=\"widget\" data-widget_type=\"button.default\">\n\t\t\t\t<div class=\"elementor-widget-container\">\n\t\t\t\t\t<div class=\"elementor-button-wrapper\">\n\t\t\t<a href=\"https:\/\/habbe.nu\/index.php\/contact\/\" class=\"elementor-button-link elementor-button elementor-size-sm\" role=\"button\">\n\t\t\t\t\t\t<span class=\"elementor-button-content-wrapper\">\n\t\t\t\t\t\t<span class=\"elementor-button-text\">kontakt<\/span>\n\t\t<\/span>\n\t\t\t\t\t<\/a>\n\t\t<\/div>\n\t\t\t\t<\/div>\n\t\t\t\t<\/div>\n\t\t\t\t\t<\/div>\n\t\t<\/div>\n\t\t\t\t\t\t\t<\/div>\n\t\t<\/section>\n\t\t\t\t<section class=\"elementor-section elementor-top-section elementor-element elementor-element-aff6ae1 elementor-section-boxed elementor-section-height-default elementor-section-height-default\" data-id=\"aff6ae1\" data-element_type=\"section\">\n\t\t\t\t\t\t<div class=\"elementor-container elementor-column-gap-wide\">\n\t\t\t\t\t<div class=\"elementor-column elementor-col-33 elementor-top-column elementor-element elementor-element-a4b2aab\" data-id=\"a4b2aab\" data-element_type=\"column\">\n\t\t\t<div class=\"elementor-widget-wrap elementor-element-populated\">\n\t\t\t\t\t\t\t\t<div class=\"elementor-element elementor-element-83d3bf2 elementor-widget__width-initial elementor-widget elementor-widget-image\" data-id=\"83d3bf2\" data-element_type=\"widget\" data-widget_type=\"image.default\">\n\t\t\t\t<div class=\"elementor-widget-container\">\n\t\t\t<style>\/*! elementor - v3.13.3 - 28-05-2023 *\/\n.elementor-widget-image{text-align:center}.elementor-widget-image a{display:inline-block}.elementor-widget-image a img[src$=\".svg\"]{width:48px}.elementor-widget-image img{vertical-align:middle;display:inline-block}<\/style>\t\t\t\t\t\t\t\t\t\t\t\t<img decoding=\"async\" width=\"1848\" height=\"1848\" src=\"https:\/\/habbe.nu\/wp-content\/uploads\/2025\/03\/IMG_1200.jpg\" class=\"attachment-full size-full wp-image-2502\" alt=\"\" loading=\"lazy\" srcset=\"https:\/\/habbe.nu\/wp-content\/uploads\/2025\/03\/IMG_1200.jpg 1848w, https:\/\/habbe.nu\/wp-content\/uploads\/2025\/03\/IMG_1200-300x300.jpg 300w, https:\/\/habbe.nu\/wp-content\/uploads\/2025\/03\/IMG_1200-1024x1024.jpg 1024w, https:\/\/habbe.nu\/wp-content\/uploads\/2025\/03\/IMG_1200-150x150.jpg 150w, https:\/\/habbe.nu\/wp-content\/uploads\/2025\/03\/IMG_1200-768x768.jpg 768w, https:\/\/habbe.nu\/wp-content\/uploads\/2025\/03\/IMG_1200-1536x1536.jpg 1536w\" sizes=\"(max-width: 1848px) 100vw, 1848px\" \/>\t\t\t\t\t\t\t\t\t\t\t\t\t\t\t<\/div>\n\t\t\t\t<\/div>\n\t\t\t\t<div class=\"elementor-element elementor-element-14b01c6 elementor-widget elementor-widget-heading\" data-id=\"14b01c6\" data-element_type=\"widget\" data-widget_type=\"heading.default\">\n\t\t\t\t<div class=\"elementor-widget-container\">\n\t\t\t<h4 class=\"elementor-heading-title elementor-size-default\">Atelj\u00e9tid<\/h4>\t\t<\/div>\n\t\t\t\t<\/div>\n\t\t\t\t<div class=\"elementor-element elementor-element-f55e44c elementor-widget elementor-widget-text-editor\" data-id=\"f55e44c\" data-element_type=\"widget\" data-widget_type=\"text-editor.default\">\n\t\t\t\t<div class=\"elementor-widget-container\">\n\t\t\t<style>\/*! elementor - v3.13.3 - 28-05-2023 *\/\n.elementor-widget-text-editor.elementor-drop-cap-view-stacked .elementor-drop-cap{background-color:#69727d;color:#fff}.elementor-widget-text-editor.elementor-drop-cap-view-framed .elementor-drop-cap{color:#69727d;border:3px solid;background-color:transparent}.elementor-widget-text-editor:not(.elementor-drop-cap-view-default) .elementor-drop-cap{margin-top:8px}.elementor-widget-text-editor:not(.elementor-drop-cap-view-default) .elementor-drop-cap-letter{width:1em;height:1em}.elementor-widget-text-editor .elementor-drop-cap{float:left;text-align:center;line-height:1;font-size:50px}.elementor-widget-text-editor .elementor-drop-cap-letter{display:inline-block}<\/style>\t\t\t\t<p>B\u00e4sta tiden \u00e4r den i egna atelj\u00e9n. Att f\u00e5 jobba ost\u00f6rt och l\u00e5ta b\u00e5de hand och tanke vandra bland materialen. Jag h\u00e5ller till hos Atelj\u00e9f\u00f6reningen Milo i Visby.<\/p>\t\t\t\t\t\t<\/div>\n\t\t\t\t<\/div>\n\t\t\t\t\t<\/div>\n\t\t<\/div>\n\t\t\t\t<div class=\"elementor-column elementor-col-33 elementor-top-column elementor-element elementor-element-9fec389\" data-id=\"9fec389\" data-element_type=\"column\">\n\t\t\t<div class=\"elementor-widget-wrap elementor-element-populated\">\n\t\t\t\t\t\t\t\t<div class=\"elementor-element elementor-element-53ab989 elementor-widget__width-initial elementor-widget elementor-widget-image\" data-id=\"53ab989\" data-element_type=\"widget\" data-widget_type=\"image.default\">\n\t\t\t\t<div class=\"elementor-widget-container\">\n\t\t\t\t\t\t\t\t\t\t\t\t\t\t\t<img decoding=\"async\" width=\"734\" height=\"734\" src=\"https:\/\/habbe.nu\/wp-content\/uploads\/2025\/03\/EE0A8C90-43E9-4EF5-AD53-E09BBE879F38_1_105_c-2.jpeg\" class=\"attachment-full size-full wp-image-2506\" alt=\"\" loading=\"lazy\" srcset=\"https:\/\/habbe.nu\/wp-content\/uploads\/2025\/03\/EE0A8C90-43E9-4EF5-AD53-E09BBE879F38_1_105_c-2.jpeg 734w, https:\/\/habbe.nu\/wp-content\/uploads\/2025\/03\/EE0A8C90-43E9-4EF5-AD53-E09BBE879F38_1_105_c-2-300x300.jpeg 300w, https:\/\/habbe.nu\/wp-content\/uploads\/2025\/03\/EE0A8C90-43E9-4EF5-AD53-E09BBE879F38_1_105_c-2-150x150.jpeg 150w\" sizes=\"(max-width: 734px) 100vw, 734px\" \/>\t\t\t\t\t\t\t\t\t\t\t\t\t\t\t<\/div>\n\t\t\t\t<\/div>\n\t\t\t\t<div class=\"elementor-element elementor-element-4dea650 elementor-widget elementor-widget-heading\" data-id=\"4dea650\" data-element_type=\"widget\" data-widget_type=\"heading.default\">\n\t\t\t\t<div class=\"elementor-widget-container\">\n\t\t\t<h4 class=\"elementor-heading-title elementor-size-default\">Galleri och projekt<\/h4>\t\t<\/div>\n\t\t\t\t<\/div>\n\t\t\t\t<div class=\"elementor-element elementor-element-b5ddd55 elementor-widget elementor-widget-text-editor\" data-id=\"b5ddd55\" data-element_type=\"widget\" data-widget_type=\"text-editor.default\">\n\t\t\t\t<div class=\"elementor-widget-container\">\n\t\t\t\t\t\t\t<p>Om du vill se mera av mina arbeten s\u00e5 f\u00f6lj mig g\u00e4rna p\u00e5 Pixelfed som <span style=\"color: #ff9900;\"><a style=\"color: #ff9900;\" href=\"https:\/\/pixelfed.social\/Habbefilt\">@Habbefilt<\/a><\/span> eller p\u00e5 Instagram under anv\u00e4ndarnamnet <a href=\"https:\/\/www.instagram.com\/habbefilt\/\" target=\"_blank\" rel=\"noopener\"><span style=\"color: #ff9900;\">@habbefilt<\/span><\/a>.<\/p>\t\t\t\t\t\t<\/div>\n\t\t\t\t<\/div>\n\t\t\t\t\t<\/div>\n\t\t<\/div>\n\t\t\t\t<div class=\"elementor-column elementor-col-33 elementor-top-column elementor-element elementor-element-f8352c5\" data-id=\"f8352c5\" data-element_type=\"column\">\n\t\t\t<div class=\"elementor-widget-wrap elementor-element-populated\">\n\t\t\t\t\t\t\t\t<div class=\"elementor-element elementor-element-00d516a elementor-widget__width-initial elementor-widget elementor-widget-image\" data-id=\"00d516a\" data-element_type=\"widget\" data-widget_type=\"image.default\">\n\t\t\t\t<div class=\"elementor-widget-container\">\n\t\t\t\t\t\t\t\t\t\t\t\t\t\t\t<img decoding=\"async\" width=\"2560\" height=\"2560\" src=\"https:\/\/habbe.nu\/wp-content\/uploads\/2024\/12\/Habbe1-scaled.jpg\" class=\"attachment-full size-full wp-image-2464\" alt=\"\" loading=\"lazy\" srcset=\"https:\/\/habbe.nu\/wp-content\/uploads\/2024\/12\/Habbe1-scaled.jpg 2560w, https:\/\/habbe.nu\/wp-content\/uploads\/2024\/12\/Habbe1-300x300.jpg 300w, https:\/\/habbe.nu\/wp-content\/uploads\/2024\/12\/Habbe1-1024x1024.jpg 1024w, https:\/\/habbe.nu\/wp-content\/uploads\/2024\/12\/Habbe1-150x150.jpg 150w, https:\/\/habbe.nu\/wp-content\/uploads\/2024\/12\/Habbe1-768x768.jpg 768w, https:\/\/habbe.nu\/wp-content\/uploads\/2024\/12\/Habbe1-1536x1536.jpg 1536w, https:\/\/habbe.nu\/wp-content\/uploads\/2024\/12\/Habbe1-2048x2048.jpg 2048w\" sizes=\"(max-width: 2560px) 100vw, 2560px\" \/>\t\t\t\t\t\t\t\t\t\t\t\t\t\t\t<\/div>\n\t\t\t\t<\/div>\n\t\t\t\t<div class=\"elementor-element elementor-element-5774235 elementor-widget elementor-widget-heading\" data-id=\"5774235\" data-element_type=\"widget\" data-widget_type=\"heading.default\">\n\t\t\t\t<div class=\"elementor-widget-container\">\n\t\t\t<h4 class=\"elementor-heading-title elementor-size-default\">Utbildning\/kurser<\/h4>\t\t<\/div>\n\t\t\t\t<\/div>\n\t\t\t\t<div class=\"elementor-element elementor-element-87870da elementor-widget elementor-widget-text-editor\" data-id=\"87870da\" data-element_type=\"widget\" data-widget_type=\"text-editor.default\">\n\t\t\t\t<div class=\"elementor-widget-container\">\n\t\t\t\t\t\t\t<p>Jag varvar eget arbete i atelj\u00e9n med pedagogiska uppdrag och undervisar s\u00e5 v\u00e4l nyb\u00f6rjare som mer erfarna filtmakare. Du hittar aktuella kurser under fliken <a href=\"https:\/\/habbe.nu\/index.php\/services\/\"><span style=\"color: #ff9900;\">utbildning\/kurser<\/span><\/a>. N\u00e4r kurserna sl\u00e4ppts hos respektive kursarrang\u00f6r s\u00e5 f\u00f6ljer du l\u00e4nken vid respektive kurs f\u00f6r anm\u00e4lan. Fler kurser tillkommer! Om du \u00e4r kursarrang\u00f6r och intresserad av att arrangera en kurs i filtning \u00e4r du v\u00e4lkommen att h\u00f6ra av dig.<\/p>\t\t\t\t\t\t<\/div>\n\t\t\t\t<\/div>\n\t\t\t\t\t<\/div>\n\t\t<\/div>\n\t\t\t\t\t\t\t<\/div>\n\t\t<\/section>\n\t\t\t\t<section class=\"elementor-section elementor-top-section elementor-element elementor-element-6e2f681 elementor-section-boxed elementor-section-height-default elementor-section-height-default\" data-id=\"6e2f681\" data-element_type=\"section\">\n\t\t\t\t\t\t<div class=\"elementor-container elementor-column-gap-wide\">\n\t\t\t\t\t<div class=\"elementor-column elementor-col-50 elementor-top-column elementor-element elementor-element-e8c6ac4\" data-id=\"e8c6ac4\" data-element_type=\"column\">\n\t\t\t<div class=\"elementor-widget-wrap elementor-element-populated\">\n\t\t\t\t\t\t\t\t<div class=\"elementor-element elementor-element-dfec25a elementor-widget elementor-widget-heading\" data-id=\"dfec25a\" data-element_type=\"widget\" data-widget_type=\"heading.default\">\n\t\t\t\t<div class=\"elementor-widget-container\">\n\t\t\t<h2 class=\"elementor-heading-title elementor-size-default\">Om<\/h2>\t\t<\/div>\n\t\t\t\t<\/div>\n\t\t\t\t<div class=\"elementor-element elementor-element-b9d0bf1 elementor-widget elementor-widget-text-editor\" data-id=\"b9d0bf1\" data-element_type=\"widget\" data-widget_type=\"text-editor.default\">\n\t\t\t\t<div class=\"elementor-widget-container\">\n\t\t\t\t\t\t\t<p>Min konst handlar om material, utforskandet av material. Mitt material \u00e4r fibrer, mera specifikt ull och silke, men ocks\u00e5 andra naturfibrer. Tekniken jag anv\u00e4nder \u00e4r filtning f\u00f6r hand kombinerat med andra tekniker. Eftersom filtning \u00e4r en f\u00f6rh\u00e5llandevis snabb teknik till\u00e5ter den mig att arbeta riktigt l\u00e5ngsamt. L\u00e5ngsamheten \u00e4r min metod i det konstn\u00e4rliga arbetet, det ger mig tidsutrymme att utforska intuitiva delar inom konsten. S\u00e4ttet att arbeta ger mig tilltr\u00e4de till mitt inre sj\u00e4lv som inte kan uttryckas p\u00e5 n\u00e5got annat s\u00e4tt. Verken blir min taktila och f\u00e4rgsatta r\u00f6st. Jag t\u00e4nker genom materia<span style=\"font-style: inherit; color: var(--ast-global-color-3); background-color: var(--ast-global-color-5);\">let. \u00a0<\/span><\/p>\t\t\t\t\t\t<\/div>\n\t\t\t\t<\/div>\n\t\t\t\t\t<\/div>\n\t\t<\/div>\n\t\t\t\t<div class=\"elementor-column elementor-col-50 elementor-top-column elementor-element elementor-element-2851bf7\" data-id=\"2851bf7\" data-element_type=\"column\">\n\t\t\t<div class=\"elementor-widget-wrap elementor-element-populated\">\n\t\t\t\t\t\t\t\t<div class=\"elementor-element elementor-element-e3897f4 elementor-widget elementor-widget-image\" data-id=\"e3897f4\" data-element_type=\"widget\" data-widget_type=\"image.default\">\n\t\t\t\t<div class=\"elementor-widget-container\">\n\t\t\t\t\t\t\t\t\t\t\t\t\t\t\t<img decoding=\"async\" width=\"1024\" height=\"768\" src=\"https:\/\/habbe.nu\/wp-content\/uploads\/2023\/03\/IMG_8630-1024x768.jpg\" class=\"attachment-large size-large wp-image-1825\" alt=\"\" loading=\"lazy\" srcset=\"https:\/\/habbe.nu\/wp-content\/uploads\/2023\/03\/IMG_8630-1024x768.jpg 1024w, https:\/\/habbe.nu\/wp-content\/uploads\/2023\/03\/IMG_8630-300x225.jpg 300w, https:\/\/habbe.nu\/wp-content\/uploads\/2023\/03\/IMG_8630-768x576.jpg 768w, https:\/\/habbe.nu\/wp-content\/uploads\/2023\/03\/IMG_8630-1536x1152.jpg 1536w, https:\/\/habbe.nu\/wp-content\/uploads\/2023\/03\/IMG_8630-2048x1536.jpg 2048w\" sizes=\"(max-width: 1024px) 100vw, 1024px\" \/>\t\t\t\t\t\t\t\t\t\t\t\t\t\t\t<\/div>\n\t\t\t\t<\/div>\n\t\t\t\t\t<\/div>\n\t\t<\/div>\n\t\t\t\t\t\t\t<\/div>\n\t\t<\/section>\n\t\t\t\t<section class=\"elementor-section elementor-top-section elementor-element elementor-element-be8b1b9 elementor-section-content-middle elementor-section-boxed elementor-section-height-default elementor-section-height-default\" data-id=\"be8b1b9\" data-element_type=\"section\" data-settings=\"{&quot;background_background&quot;:&quot;classic&quot;}\">\n\t\t\t\t\t\t<div class=\"elementor-container elementor-column-gap-default\">\n\t\t\t\t\t<div class=\"elementor-column elementor-col-100 elementor-top-column elementor-element elementor-element-a45eb33\" data-id=\"a45eb33\" data-element_type=\"column\">\n\t\t\t<div class=\"elementor-widget-wrap elementor-element-populated\">\n\t\t\t\t\t\t\t\t<div class=\"elementor-element elementor-element-ed4759e elementor-widget elementor-widget-heading\" data-id=\"ed4759e\" data-element_type=\"widget\" data-widget_type=\"heading.default\">\n\t\t\t\t<div class=\"elementor-widget-container\">\n\t\t\t<h2 class=\"elementor-heading-title elementor-size-default\">kontakt<\/h2>\t\t<\/div>\n\t\t\t\t<\/div>\n\t\t\t\t<div class=\"elementor-element elementor-element-c4f7b91 elementor-widget elementor-widget-text-editor\" data-id=\"c4f7b91\" data-element_type=\"widget\" data-widget_type=\"text-editor.default\">\n\t\t\t\t<div class=\"elementor-widget-container\">\n\t\t\t\t\t\t\t<p>Yvonne Habbe,\u00a0S:t Hansgatan 53,\u00a0621 56 Visby,\u00a0Sweden<\/p><p>+46(0)498284971<\/p><p>mail: hem(at)habbe.nu<\/p>\t\t\t\t\t\t<\/div>\n\t\t\t\t<\/div>\n\t\t\t\t\t<\/div>\n\t\t<\/div>\n\t\t\t\t\t\t\t<\/div>\n\t\t<\/section>\n\t\t\t\t\t\t\t<\/div>\n\t\t","protected":false},"excerpt":{"rendered":"<p>Yvonne Habbe filtmakare och textilkonstn\u00e4r kontakt Atelj\u00e9tid B\u00e4sta tiden \u00e4r den i egna atelj\u00e9n. Att f\u00e5 jobba ost\u00f6rt och l\u00e5ta b\u00e5de hand och tanke vandra bland materialen. Jag h\u00e5ller till hos Atelj\u00e9f\u00f6reningen Milo i Visby. Galleri och projekt Om du vill se mera av mina arbeten s\u00e5 f\u00f6lj mig g\u00e4rna p\u00e5 Pixelfed som @Habbefilt eller &hellip;<\/p>\n<p class=\"read-more\"> <a class=\"\" href=\"https:\/\/habbe.nu\/\"> <span class=\"screen-reader-text\">Home<\/span> Read More &raquo;<\/a><\/p>\n","protected":false},"author":1,"featured_media":0,"parent":0,"menu_order":0,"comment_status":"closed","ping_status":"closed","template":"","meta":{"advanced_seo_description":"","jetpack_seo_html_title":"","jetpack_seo_noindex":false,"site-sidebar-layout":"no-sidebar","site-content-layout":"page-builder","ast-global-header-display":"","ast-banner-title-visibility":"","ast-main-header-display":"","ast-hfb-above-header-display":"","ast-hfb-below-header-display":"","ast-hfb-mobile-header-display":"","site-post-title":"disabled","ast-breadcrumbs-content":"","ast-featured-img":"disabled","footer-sml-layout":"","theme-transparent-header-meta":"enabled","adv-header-id-meta":"","stick-header-meta":"","header-above-stick-meta":"","header-main-stick-meta":"","header-below-stick-meta":""},"_links":{"self":[{"href":"https:\/\/habbe.nu\/index.php\/wp-json\/wp\/v2\/pages\/1448"}],"collection":[{"href":"https:\/\/habbe.nu\/index.php\/wp-json\/wp\/v2\/pages"}],"about":[{"href":"https:\/\/habbe.nu\/index.php\/wp-json\/wp\/v2\/types\/page"}],"author":[{"embeddable":true,"href":"https:\/\/habbe.nu\/index.php\/wp-json\/wp\/v2\/users\/1"}],"replies":[{"embeddable":true,"href":"https:\/\/habbe.nu\/index.php\/wp-json\/wp\/v2\/comments?post=1448"}],"version-history":[{"count":139,"href":"https:\/\/habbe.nu\/index.php\/wp-json\/wp\/v2\/pages\/1448\/revisions"}],"predecessor-version":[{"id":2537,"href":"https:\/\/habbe.nu\/index.php\/wp-json\/wp\/v2\/pages\/1448\/revisions\/2537"}],"wp:attachment":[{"href":"https:\/\/habbe.nu\/index.php\/wp-json\/wp\/v2\/media?parent=1448"}],"curies":[{"name":"wp","href":"https:\/\/api.w.org\/{rel}","templated":true}]}}